{"id":231,"date":"2024-03-04T17:00:17","date_gmt":"2024-03-04T17:00:17","guid":{"rendered":"https:\/\/demo5.temp2sell.store\/?page_id=231"},"modified":"2025-03-10T16:41:20","modified_gmt":"2025-03-10T16:41:20","slug":"politique-de-remboursement","status":"publish","type":"page","link":"https:\/\/abonnementiptvpremium.com\/index.php\/politique-de-remboursement\/","title":{"rendered":"Politique de remboursement"},"content":{"rendered":"\t\t<div data-elementor-type=\"wp-page\" data-elementor-id=\"231\" class=\"elementor elementor-231\" data-elementor-post-type=\"page\">\n\t\t\t\t<div class=\"elementor-element elementor-element-f2e08b7 e-flex e-con-boxed e-con e-parent\" data-id=\"f2e08b7\" data-element_type=\"container\" data-settings=\"{&quot;background_background&quot;:&quot;classic&quot;}\">\n\t\t\t\t\t<div class=\"e-con-inner\">\n\t\t<div class=\"elementor-element elementor-element-0dae6fa e-con-full e-flex e-con e-child\" data-id=\"0dae6fa\" data-element_type=\"container\">\n\t\t\t\t<div class=\"elementor-element elementor-element-d911884 elementor-widget elementor-widget-theme-site-logo elementor-widget-image\" data-id=\"d911884\" data-element_type=\"widget\" data-widget_type=\"theme-site-logo.default\">\n\t\t\t\t<div class=\"elementor-widget-container\">\n\t\t\t\t\t\t\t\t\t\t\t<a href=\"https:\/\/abonnementiptvpremium.com\">\n\t\t\t<img fetchpriority=\"high\" decoding=\"async\" width=\"602\" height=\"206\" src=\"https:\/\/abonnementiptvpremium.com\/wp-content\/uploads\/2024\/02\/WhatsApp_Image_2025-03-05_at_8.02.02_PM-removebg-preview.png\" class=\"attachment-full size-full wp-image-405\" alt=\"\" srcset=\"https:\/\/abonnementiptvpremium.com\/wp-content\/uploads\/2024\/02\/WhatsApp_Image_2025-03-05_at_8.02.02_PM-removebg-preview.png 602w, https:\/\/abonnementiptvpremium.com\/wp-content\/uploads\/2024\/02\/WhatsApp_Image_2025-03-05_at_8.02.02_PM-removebg-preview-300x103.png 300w\" sizes=\"(max-width: 602px) 100vw, 602px\" \/>\t\t\t\t<\/a>\n\t\t\t\t\t\t\t\t\t\t\t<\/div>\n\t\t\t\t<\/div>\n\t\t\t\t<\/div>\n\t\t<div class=\"elementor-element elementor-element-7640974 e-con-full e-flex e-con e-child\" data-id=\"7640974\" data-element_type=\"container\">\n\t\t\t\t<div class=\"elementor-element elementor-element-f5cebcb elementor-nav-menu--stretch elementor-hidden-tablet elementor-hidden-mobile e-transform elementor-nav-menu--dropdown-tablet elementor-nav-menu__text-align-aside elementor-nav-menu--toggle elementor-nav-menu--burger elementor-widget elementor-widget-nav-menu\" data-id=\"f5cebcb\" data-element_type=\"widget\" data-settings=\"{&quot;full_width&quot;:&quot;stretch&quot;,&quot;_transform_scale_effect_hover&quot;:{&quot;unit&quot;:&quot;px&quot;,&quot;size&quot;:1.1,&quot;sizes&quot;:[]},&quot;layout&quot;:&quot;horizontal&quot;,&quot;submenu_icon&quot;:{&quot;value&quot;:&quot;&lt;svg class=\\&quot;e-font-icon-svg e-fas-caret-down\\&quot; viewBox=\\&quot;0 0 320 512\\&quot; xmlns=\\&quot;http:\\\/\\\/www.w3.org\\\/2000\\\/svg\\&quot;&gt;&lt;path d=\\&quot;M31.3 192h257.3c17.8 0 26.7 21.5 14.1 34.1L174.1 354.8c-7.8 7.8-20.5 7.8-28.3 0L17.2 226.1C4.6 213.5 13.5 192 31.3 192z\\&quot;&gt;&lt;\\\/path&gt;&lt;\\\/svg&gt;&quot;,&quot;library&quot;:&quot;fa-solid&quot;},&quot;toggle&quot;:&quot;burger&quot;,&quot;_transform_scale_effect_hover_tablet&quot;:{&quot;unit&quot;:&quot;px&quot;,&quot;size&quot;:&quot;&quot;,&quot;sizes&quot;:[]},&quot;_transform_scale_effect_hover_mobile&quot;:{&quot;unit&quot;:&quot;px&quot;,&quot;size&quot;:&quot;&quot;,&quot;sizes&quot;:[]}}\" data-widget_type=\"nav-menu.default\">\n\t\t\t\t<div class=\"elementor-widget-container\">\n\t\t\t\t\t\t\t\t<nav aria-label=\"Menu\" class=\"elementor-nav-menu--main elementor-nav-menu__container elementor-nav-menu--layout-horizontal e--pointer-none\">\n\t\t\t\t<ul id=\"menu-1-f5cebcb\" class=\"elementor-nav-menu\"><li class=\"menu-item menu-item-type-post_type menu-item-object-page menu-item-home menu-item-189\"><a href=\"https:\/\/abonnementiptvpremium.com\/\" class=\"elementor-item\">Accueil<\/a><\/li>\n<li class=\"menu-item menu-item-type-post_type menu-item-object-page menu-item-1185\"><a href=\"https:\/\/abonnementiptvpremium.com\/index.php\/offres-et-tarifs\/\" class=\"elementor-item\">Offres et Tarifs<\/a><\/li>\n<li class=\"menu-item menu-item-type-post_type menu-item-object-page menu-item-668\"><a href=\"https:\/\/abonnementiptvpremium.com\/index.php\/test-24h\/\" class=\"elementor-item\">Test 24H<\/a><\/li>\n<\/ul>\t\t\t<\/nav>\n\t\t\t\t\t<div class=\"elementor-menu-toggle\" role=\"button\" tabindex=\"0\" aria-label=\"Menu Toggle\" aria-expanded=\"false\">\n\t\t\t<svg aria-hidden=\"true\" role=\"presentation\" class=\"elementor-menu-toggle__icon--open e-font-icon-svg e-eicon-menu-bar\" viewBox=\"0 0 1000 1000\" xmlns=\"http:\/\/www.w3.org\/2000\/svg\"><path d=\"M104 333H896C929 333 958 304 958 271S929 208 896 208H104C71 208 42 237 42 271S71 333 104 333ZM104 583H896C929 583 958 554 958 521S929 458 896 458H104C71 458 42 487 42 521S71 583 104 583ZM104 833H896C929 833 958 804 958 771S929 708 896 708H104C71 708 42 737 42 771S71 833 104 833Z\"><\/path><\/svg><svg aria-hidden=\"true\" role=\"presentation\" class=\"elementor-menu-toggle__icon--close e-font-icon-svg e-eicon-close\" viewBox=\"0 0 1000 1000\" xmlns=\"http:\/\/www.w3.org\/2000\/svg\"><path d=\"M742 167L500 408 258 167C246 154 233 150 217 150 196 150 179 158 167 167 154 179 150 196 150 212 150 229 154 242 171 254L408 500 167 742C138 771 138 800 167 829 196 858 225 858 254 829L496 587 738 829C750 842 767 846 783 846 800 846 817 842 829 829 842 817 846 804 846 783 846 767 842 750 829 737L588 500 833 258C863 229 863 200 833 171 804 137 775 137 742 167Z\"><\/path><\/svg>\t\t<\/div>\n\t\t\t\t\t<nav class=\"elementor-nav-menu--dropdown elementor-nav-menu__container\" aria-hidden=\"true\">\n\t\t\t\t<ul id=\"menu-2-f5cebcb\" class=\"elementor-nav-menu\"><li class=\"menu-item menu-item-type-post_type menu-item-object-page menu-item-home menu-item-189\"><a href=\"https:\/\/abonnementiptvpremium.com\/\" class=\"elementor-item\" tabindex=\"-1\">Accueil<\/a><\/li>\n<li class=\"menu-item menu-item-type-post_type menu-item-object-page menu-item-1185\"><a href=\"https:\/\/abonnementiptvpremium.com\/index.php\/offres-et-tarifs\/\" class=\"elementor-item\" tabindex=\"-1\">Offres et Tarifs<\/a><\/li>\n<li class=\"menu-item menu-item-type-post_type menu-item-object-page menu-item-668\"><a href=\"https:\/\/abonnementiptvpremium.com\/index.php\/test-24h\/\" class=\"elementor-item\" tabindex=\"-1\">Test 24H<\/a><\/li>\n<\/ul>\t\t\t<\/nav>\n\t\t\t\t\t\t<\/div>\n\t\t\t\t<\/div>\n\t\t\t\t<\/div>\n\t\t<div class=\"elementor-element elementor-element-79cd91f e-con-full e-flex e-con e-child\" data-id=\"79cd91f\" data-element_type=\"container\">\n\t\t\t\t<div class=\"elementor-element elementor-element-080b410 elementor-nav-menu--stretch elementor-hidden-desktop elementor-nav-menu__text-align-center elementor-nav-menu--dropdown-tablet elementor-nav-menu--toggle elementor-nav-menu--burger elementor-widget elementor-widget-nav-menu\" data-id=\"080b410\" data-element_type=\"widget\" data-settings=\"{&quot;full_width&quot;:&quot;stretch&quot;,&quot;toggle_icon_hover_animation&quot;:&quot;pulse-grow&quot;,&quot;layout&quot;:&quot;horizontal&quot;,&quot;submenu_icon&quot;:{&quot;value&quot;:&quot;&lt;svg class=\\&quot;e-font-icon-svg e-fas-caret-down\\&quot; viewBox=\\&quot;0 0 320 512\\&quot; xmlns=\\&quot;http:\\\/\\\/www.w3.org\\\/2000\\\/svg\\&quot;&gt;&lt;path d=\\&quot;M31.3 192h257.3c17.8 0 26.7 21.5 14.1 34.1L174.1 354.8c-7.8 7.8-20.5 7.8-28.3 0L17.2 226.1C4.6 213.5 13.5 192 31.3 192z\\&quot;&gt;&lt;\\\/path&gt;&lt;\\\/svg&gt;&quot;,&quot;library&quot;:&quot;fa-solid&quot;},&quot;toggle&quot;:&quot;burger&quot;}\" data-widget_type=\"nav-menu.default\">\n\t\t\t\t<div class=\"elementor-widget-container\">\n\t\t\t\t\t\t\t\t<nav aria-label=\"Menu\" class=\"elementor-nav-menu--main elementor-nav-menu__container elementor-nav-menu--layout-horizontal e--pointer-none\">\n\t\t\t\t<ul id=\"menu-1-080b410\" class=\"elementor-nav-menu\"><li class=\"menu-item menu-item-type-post_type menu-item-object-page menu-item-home menu-item-189\"><a href=\"https:\/\/abonnementiptvpremium.com\/\" class=\"elementor-item\">Accueil<\/a><\/li>\n<li class=\"menu-item menu-item-type-post_type menu-item-object-page menu-item-1185\"><a href=\"https:\/\/abonnementiptvpremium.com\/index.php\/offres-et-tarifs\/\" class=\"elementor-item\">Offres et Tarifs<\/a><\/li>\n<li class=\"menu-item menu-item-type-post_type menu-item-object-page menu-item-668\"><a href=\"https:\/\/abonnementiptvpremium.com\/index.php\/test-24h\/\" class=\"elementor-item\">Test 24H<\/a><\/li>\n<\/ul>\t\t\t<\/nav>\n\t\t\t\t\t<div class=\"elementor-menu-toggle\" role=\"button\" tabindex=\"0\" aria-label=\"Menu Toggle\" aria-expanded=\"false\">\n\t\t\t<svg aria-hidden=\"true\" role=\"presentation\" class=\"elementor-menu-toggle__icon--open elementor-animation-pulse-grow e-font-icon-svg e-eicon-menu-bar\" viewBox=\"0 0 1000 1000\" xmlns=\"http:\/\/www.w3.org\/2000\/svg\"><path d=\"M104 333H896C929 333 958 304 958 271S929 208 896 208H104C71 208 42 237 42 271S71 333 104 333ZM104 583H896C929 583 958 554 958 521S929 458 896 458H104C71 458 42 487 42 521S71 583 104 583ZM104 833H896C929 833 958 804 958 771S929 708 896 708H104C71 708 42 737 42 771S71 833 104 833Z\"><\/path><\/svg><svg aria-hidden=\"true\" role=\"presentation\" class=\"elementor-menu-toggle__icon--close elementor-animation-pulse-grow e-font-icon-svg e-eicon-close\" viewBox=\"0 0 1000 1000\" xmlns=\"http:\/\/www.w3.org\/2000\/svg\"><path d=\"M742 167L500 408 258 167C246 154 233 150 217 150 196 150 179 158 167 167 154 179 150 196 150 212 150 229 154 242 171 254L408 500 167 742C138 771 138 800 167 829 196 858 225 858 254 829L496 587 738 829C750 842 767 846 783 846 800 846 817 842 829 829 842 817 846 804 846 783 846 767 842 750 829 737L588 500 833 258C863 229 863 200 833 171 804 137 775 137 742 167Z\"><\/path><\/svg>\t\t<\/div>\n\t\t\t\t\t<nav class=\"elementor-nav-menu--dropdown elementor-nav-menu__container\" aria-hidden=\"true\">\n\t\t\t\t<ul id=\"menu-2-080b410\" class=\"elementor-nav-menu\"><li class=\"menu-item menu-item-type-post_type menu-item-object-page menu-item-home menu-item-189\"><a href=\"https:\/\/abonnementiptvpremium.com\/\" class=\"elementor-item\" tabindex=\"-1\">Accueil<\/a><\/li>\n<li class=\"menu-item menu-item-type-post_type menu-item-object-page menu-item-1185\"><a href=\"https:\/\/abonnementiptvpremium.com\/index.php\/offres-et-tarifs\/\" class=\"elementor-item\" tabindex=\"-1\">Offres et Tarifs<\/a><\/li>\n<li class=\"menu-item menu-item-type-post_type menu-item-object-page menu-item-668\"><a href=\"https:\/\/abonnementiptvpremium.com\/index.php\/test-24h\/\" class=\"elementor-item\" tabindex=\"-1\">Test 24H<\/a><\/li>\n<\/ul>\t\t\t<\/nav>\n\t\t\t\t\t\t<\/div>\n\t\t\t\t<\/div>\n\t\t\t\t<\/div>\n\t\t\t\t\t<\/div>\n\t\t\t\t<\/div>\n\t\t<div class=\"elementor-element elementor-element-eec9eee e-flex e-con-boxed e-con e-parent\" data-id=\"eec9eee\" data-element_type=\"container\" data-settings=\"{&quot;background_background&quot;:&quot;classic&quot;}\">\n\t\t\t\t\t<div class=\"e-con-inner\">\n\t\t\t\t<div class=\"elementor-element elementor-element-2ee10602 elementor-widget elementor-widget-heading\" data-id=\"2ee10602\" data-element_type=\"widget\" data-widget_type=\"heading.default\">\n\t\t\t\t<div class=\"elementor-widget-container\">\n\t\t\t\t\t<h2 class=\"elementor-heading-title elementor-size-default\">Politique de Remboursement<\/h2>\t\t\t\t<\/div>\n\t\t\t\t<\/div>\n\t\t\t\t<div class=\"elementor-element elementor-element-5b71e1e3 elementor-widget elementor-widget-text-editor\" data-id=\"5b71e1e3\" data-element_type=\"widget\" data-widget_type=\"text-editor.default\">\n\t\t\t\t<div class=\"elementor-widget-container\">\n\t\t\t\t\t\t\t\t\t<p data-start=\"184\" data-end=\"483\">Merci d\u2019avoir choisi <strong data-start=\"205\" data-end=\"230\">Abonnementiptvpremium<\/strong> comme fournisseur de votre service de divertissement.<br data-start=\"284\" data-end=\"287\" \/>Votre satisfaction est notre priorit\u00e9. Toutefois, nous comprenons que certaines situations peuvent justifier une demande de remboursement. Veuillez consulter ci-dessous notre politique \u00e0 ce sujet.<\/p><hr data-start=\"485\" data-end=\"488\" \/><h3 data-start=\"490\" data-end=\"522\">\u00c9ligibilit\u00e9 au Remboursement<\/h3><p data-start=\"524\" data-end=\"712\"><strong data-start=\"524\" data-end=\"530\">a)<\/strong> Une p\u00e9riode d\u2019essai de <strong data-start=\"554\" data-end=\"567\">24 heures<\/strong> est offerte. Durant cette p\u00e9riode, vous pouvez annuler votre abonnement et demander un remboursement si le service ne r\u00e9pond pas \u00e0 vos attentes.<\/p><p data-start=\"714\" data-end=\"945\"><strong data-start=\"714\" data-end=\"720\">b)<\/strong> Apr\u00e8s la p\u00e9riode d\u2019essai, si vous rencontrez des <strong data-start=\"770\" data-end=\"794\">probl\u00e8mes techniques<\/strong> persistants que notre \u00e9quipe de support ne peut r\u00e9soudre, vous pourriez \u00eatre \u00e9ligible \u00e0 un remboursement. Chaque demande sera examin\u00e9e au cas par cas.<\/p><p data-start=\"947\" data-end=\"1105\"><strong data-start=\"947\" data-end=\"953\">c)<\/strong> Aucun remboursement ne sera accord\u00e9 pour les comptes ayant <strong data-start=\"1013\" data-end=\"1051\">viol\u00e9 nos conditions d&#8217;utilisation<\/strong> ou ayant utilis\u00e9 le service \u00e0 des fins <strong data-start=\"1091\" data-end=\"1104\">ill\u00e9gales<\/strong>.<\/p><hr data-start=\"1107\" data-end=\"1110\" \/><h3 data-start=\"1112\" data-end=\"1153\">Proc\u00e9dure de Demande de Remboursement<\/h3><p data-start=\"1155\" data-end=\"1266\"><strong data-start=\"1155\" data-end=\"1161\">a)<\/strong> Toute demande de remboursement doit \u00eatre effectu\u00e9e dans un d\u00e9lai de <strong data-start=\"1230\" data-end=\"1241\">7 jours<\/strong> suivant la date d&#8217;achat.<\/p><p data-start=\"1268\" data-end=\"1362\"><strong data-start=\"1268\" data-end=\"1274\">b)<\/strong> Merci de fournir votre <strong data-start=\"1298\" data-end=\"1320\">num\u00e9ro de commande<\/strong> ainsi que la <strong data-start=\"1334\" data-end=\"1344\">raison<\/strong> de votre demande.<\/p><p data-start=\"1364\" data-end=\"1468\"><strong data-start=\"1364\" data-end=\"1370\">c)<\/strong> Notre service client analysera votre demande et vous informera de l\u2019\u00e9ligibilit\u00e9 au remboursement.<\/p><p data-start=\"1470\" data-end=\"1619\"><strong data-start=\"1470\" data-end=\"1476\">d)<\/strong> Si votre demande est approuv\u00e9e, le remboursement sera effectu\u00e9 sur votre <strong data-start=\"1550\" data-end=\"1579\">mode de paiement original<\/strong> dans un d\u00e9lai de <strong data-start=\"1597\" data-end=\"1618\">5 jours ouvrables<\/strong>.<\/p><hr data-start=\"1621\" data-end=\"1624\" \/><h3 data-start=\"1626\" data-end=\"1653\">Frais Non Remboursables<\/h3><p data-start=\"1655\" data-end=\"1766\"><strong data-start=\"1655\" data-end=\"1661\">a)<\/strong> Les <strong data-start=\"1666\" data-end=\"1717\">frais factur\u00e9s par les prestataires de paiement<\/strong> ou les services tiers ne sont pas remboursables.<\/p><p data-start=\"1768\" data-end=\"1932\"><strong data-start=\"1768\" data-end=\"1774\">b)<\/strong> En cas d\u2019annulation de votre abonnement <strong data-start=\"1815\" data-end=\"1860\">avant la fin de la p\u00e9riode de facturation<\/strong>, aucun remboursement partiel (jours ou mois restants) ne sera effectu\u00e9.<\/p><hr data-start=\"1934\" data-end=\"1937\" \/><h3 data-start=\"1939\" data-end=\"1972\">Modifications de la Politique<\/h3><p data-start=\"1974\" data-end=\"2134\">Nous nous r\u00e9servons le droit de modifier cette politique de remboursement \u00e0 tout moment. Toute modification sera publi\u00e9e sur notre site web avec effet imm\u00e9diat.<\/p><hr data-start=\"2136\" data-end=\"2139\" \/><h3 data-start=\"2141\" data-end=\"2159\">Nous Contacter<\/h3><p data-start=\"2161\" data-end=\"2264\">Pour toute question ou demande concernant notre politique de remboursement, veuillez nous contacter<\/p>\t\t\t\t\t\t\t\t<\/div>\n\t\t\t\t<\/div>\n\t\t\t\t\t<\/div>\n\t\t\t\t<\/div>\n\t\t<div class=\"elementor-element elementor-element-73666fc e-flex e-con-boxed e-con e-parent\" data-id=\"73666fc\" data-element_type=\"container\" data-settings=\"{&quot;background_background&quot;:&quot;classic&quot;}\">\n\t\t\t\t\t<div class=\"e-con-inner\">\n\t\t<div class=\"elementor-element elementor-element-d24fd65 e-flex e-con-boxed e-con e-child\" data-id=\"d24fd65\" data-element_type=\"container\">\n\t\t\t\t\t<div class=\"e-con-inner\">\n\t\t<div class=\"elementor-element elementor-element-6783fd8 e-con-full e-flex e-con e-child\" data-id=\"6783fd8\" data-element_type=\"container\">\n\t\t\t\t<div class=\"elementor-element elementor-element-1ffdcb5 elementor-shape-circle e-grid-align-left elementor-grid-0 elementor-widget elementor-widget-social-icons\" data-id=\"1ffdcb5\" data-element_type=\"widget\" data-widget_type=\"social-icons.default\">\n\t\t\t\t<div class=\"elementor-widget-container\">\n\t\t\t\t\t\t\t<div class=\"elementor-social-icons-wrapper elementor-grid\">\n\t\t\t\t\t\t\t<span class=\"elementor-grid-item\">\n\t\t\t\t\t<a class=\"elementor-icon elementor-social-icon elementor-social-icon-whatsapp elementor-repeater-item-37157d8\" href=\"https:\/\/wa.me\/message\/66TQ2Z3LJAVPN1\" target=\"_blank\">\n\t\t\t\t\t\t<span class=\"elementor-screen-only\">Whatsapp<\/span>\n\t\t\t\t\t\t<svg class=\"e-font-icon-svg e-fab-whatsapp\" viewBox=\"0 0 448 512\" xmlns=\"http:\/\/www.w3.org\/2000\/svg\"><path d=\"M380.9 97.1C339 55.1 283.2 32 223.9 32c-122.4 0-222 99.6-222 222 0 39.1 10.2 77.3 29.6 111L0 480l117.7-30.9c32.4 17.7 68.9 27 106.1 27h.1c122.3 0 224.1-99.6 224.1-222 0-59.3-25.2-115-67.1-157zm-157 341.6c-33.2 0-65.7-8.9-94-25.7l-6.7-4-69.8 18.3L72 359.2l-4.4-7c-18.5-29.4-28.2-63.3-28.2-98.2 0-101.7 82.8-184.5 184.6-184.5 49.3 0 95.6 19.2 130.4 54.1 34.8 34.9 56.2 81.2 56.1 130.5 0 101.8-84.9 184.6-186.6 184.6zm101.2-138.2c-5.5-2.8-32.8-16.2-37.9-18-5.1-1.9-8.8-2.8-12.5 2.8-3.7 5.6-14.3 18-17.6 21.8-3.2 3.7-6.5 4.2-12 1.4-32.6-16.3-54-29.1-75.5-66-5.7-9.8 5.7-9.1 16.3-30.3 1.8-3.7.9-6.9-.5-9.7-1.4-2.8-12.5-30.1-17.1-41.2-4.5-10.8-9.1-9.3-12.5-9.5-3.2-.2-6.9-.2-10.6-.2-3.7 0-9.7 1.4-14.8 6.9-5.1 5.6-19.4 19-19.4 46.3 0 27.3 19.9 53.7 22.6 57.4 2.8 3.7 39.1 59.7 94.8 83.8 35.2 15.2 49 16.5 66.6 13.9 10.7-1.6 32.8-13.4 37.4-26.4 4.6-13 4.6-24.1 3.2-26.4-1.3-2.5-5-3.9-10.5-6.6z\"><\/path><\/svg>\t\t\t\t\t<\/a>\n\t\t\t\t<\/span>\n\t\t\t\t\t\t\t<span class=\"elementor-grid-item\">\n\t\t\t\t\t<a class=\"elementor-icon elementor-social-icon elementor-social-icon-envelope elementor-repeater-item-b74baac\" target=\"_blank\">\n\t\t\t\t\t\t<span class=\"elementor-screen-only\">Envelope<\/span>\n\t\t\t\t\t\t<svg class=\"e-font-icon-svg e-fas-envelope\" viewBox=\"0 0 512 512\" xmlns=\"http:\/\/www.w3.org\/2000\/svg\"><path d=\"M502.3 190.8c3.9-3.1 9.7-.2 9.7 4.7V400c0 26.5-21.5 48-48 48H48c-26.5 0-48-21.5-48-48V195.6c0-5 5.7-7.8 9.7-4.7 22.4 17.4 52.1 39.5 154.1 113.6 21.1 15.4 56.7 47.8 92.2 47.6 35.7.3 72-32.8 92.3-47.6 102-74.1 131.6-96.3 154-113.7zM256 320c23.2.4 56.6-29.2 73.4-41.4 132.7-96.3 142.8-104.7 173.4-128.7 5.8-4.5 9.2-11.5 9.2-18.9v-19c0-26.5-21.5-48-48-48H48C21.5 64 0 85.5 0 112v19c0 7.4 3.4 14.3 9.2 18.9 30.6 23.9 40.7 32.4 173.4 128.7 16.8 12.2 50.2 41.8 73.4 41.4z\"><\/path><\/svg>\t\t\t\t\t<\/a>\n\t\t\t\t<\/span>\n\t\t\t\t\t<\/div>\n\t\t\t\t\t\t<\/div>\n\t\t\t\t<\/div>\n\t\t\t\t<div class=\"elementor-element elementor-element-e04a253 elementor-widget elementor-widget-html\" data-id=\"e04a253\" data-element_type=\"widget\" data-widget_type=\"html.default\">\n\t\t\t\t<div class=\"elementor-widget-container\">\n\t\t\t\t\t<p style=\"color:#FFF8F0; font-size:8px; font-family:'Poppins', sans-serif; font-weight: 300;\">Designed by abonnementiptvpremium<\/p>\n\n\t\t\t\t<\/div>\n\t\t\t\t<\/div>\n\t\t\t\t<div class=\"elementor-element elementor-element-44a2617 elementor-nav-menu--dropdown-none elementor-widget elementor-widget-nav-menu\" data-id=\"44a2617\" data-element_type=\"widget\" data-settings=\"{&quot;layout&quot;:&quot;horizontal&quot;,&quot;submenu_icon&quot;:{&quot;value&quot;:&quot;&lt;svg class=\\&quot;e-font-icon-svg e-fas-caret-down\\&quot; viewBox=\\&quot;0 0 320 512\\&quot; xmlns=\\&quot;http:\\\/\\\/www.w3.org\\\/2000\\\/svg\\&quot;&gt;&lt;path d=\\&quot;M31.3 192h257.3c17.8 0 26.7 21.5 14.1 34.1L174.1 354.8c-7.8 7.8-20.5 7.8-28.3 0L17.2 226.1C4.6 213.5 13.5 192 31.3 192z\\&quot;&gt;&lt;\\\/path&gt;&lt;\\\/svg&gt;&quot;,&quot;library&quot;:&quot;fa-solid&quot;}}\" data-widget_type=\"nav-menu.default\">\n\t\t\t\t<div class=\"elementor-widget-container\">\n\t\t\t\t\t\t\t\t<nav aria-label=\"Menu\" class=\"elementor-nav-menu--main elementor-nav-menu__container elementor-nav-menu--layout-horizontal e--pointer-none\">\n\t\t\t\t<ul id=\"menu-1-44a2617\" class=\"elementor-nav-menu\"><li class=\"menu-item menu-item-type-post_type menu-item-object-page menu-item-252\"><a href=\"https:\/\/abonnementiptvpremium.com\/index.php\/termes-et-conditions\/\" class=\"elementor-item\">Termes et conditions<\/a><\/li>\n<li class=\"menu-item menu-item-type-post_type menu-item-object-page menu-item-250\"><a href=\"https:\/\/abonnementiptvpremium.com\/index.php\/politique-de-confidentialite\/\" class=\"elementor-item\">Politique de confidentialit\u00e9<\/a><\/li>\n<li class=\"menu-item menu-item-type-post_type menu-item-object-page menu-item-251\"><a href=\"https:\/\/abonnementiptvpremium.com\/index.php\/politique-de-remboursement\/\" class=\"elementor-item\">Politique de remboursement<\/a><\/li>\n<\/ul>\t\t\t<\/nav>\n\t\t\t\t\t\t<nav class=\"elementor-nav-menu--dropdown elementor-nav-menu__container\" aria-hidden=\"true\">\n\t\t\t\t<ul id=\"menu-2-44a2617\" class=\"elementor-nav-menu\"><li class=\"menu-item menu-item-type-post_type menu-item-object-page menu-item-252\"><a href=\"https:\/\/abonnementiptvpremium.com\/index.php\/termes-et-conditions\/\" class=\"elementor-item\" tabindex=\"-1\">Termes et conditions<\/a><\/li>\n<li class=\"menu-item menu-item-type-post_type menu-item-object-page menu-item-250\"><a href=\"https:\/\/abonnementiptvpremium.com\/index.php\/politique-de-confidentialite\/\" class=\"elementor-item\" tabindex=\"-1\">Politique de confidentialit\u00e9<\/a><\/li>\n<li class=\"menu-item menu-item-type-post_type menu-item-object-page menu-item-251\"><a href=\"https:\/\/abonnementiptvpremium.com\/index.php\/politique-de-remboursement\/\" class=\"elementor-item\" tabindex=\"-1\">Politique de remboursement<\/a><\/li>\n<\/ul>\t\t\t<\/nav>\n\t\t\t\t\t\t<\/div>\n\t\t\t\t<\/div>\n\t\t\t\t<\/div>\n\t\t<div class=\"elementor-element elementor-element-5e138df e-flex e-con-boxed e-con e-child\" data-id=\"5e138df\" data-element_type=\"container\">\n\t\t\t\t\t<div class=\"e-con-inner\">\n\t\t\t\t\t<\/div>\n\t\t\t\t<\/div>\n\t\t\t\t\t<\/div>\n\t\t\t\t<\/div>\n\t\t<div class=\"elementor-element elementor-element-2516487 e-flex e-con-boxed e-con e-child\" data-id=\"2516487\" data-element_type=\"container\">\n\t\t\t\t\t<div class=\"e-con-inner\">\n\t\t<div class=\"elementor-element elementor-element-eef7432 e-con-full e-flex e-con e-child\" data-id=\"eef7432\" data-element_type=\"container\">\n\t\t<div class=\"elementor-element elementor-element-0e19b38 e-flex e-con-boxed e-con e-child\" data-id=\"0e19b38\" data-element_type=\"container\">\n\t\t\t\t\t<div class=\"e-con-inner\">\n\t\t\t\t<div class=\"elementor-element elementor-element-373b65a elementor-widget elementor-widget-heading\" data-id=\"373b65a\" data-element_type=\"widget\" data-widget_type=\"heading.default\">\n\t\t\t\t<div class=\"elementor-widget-container\">\n\t\t\t\t\t<h2 class=\"elementor-heading-title elementor-size-default\">Copyright \u00a9 2020, All rights reserved.<\/h2>\t\t\t\t<\/div>\n\t\t\t\t<\/div>\n\t\t\t\t\t<\/div>\n\t\t\t\t<\/div>\n\t\t<div class=\"elementor-element elementor-element-160a305 e-con-full e-flex e-con e-child\" data-id=\"160a305\" data-element_type=\"container\">\n\t\t\t\t<div class=\"elementor-element elementor-element-c71547c elementor-widget elementor-widget-theme-site-logo elementor-widget-image\" data-id=\"c71547c\" data-element_type=\"widget\" data-widget_type=\"theme-site-logo.default\">\n\t\t\t\t<div class=\"elementor-widget-container\">\n\t\t\t\t\t\t\t\t\t\t\t<a href=\"https:\/\/abonnementiptvpremium.com\">\n\t\t\t<img fetchpriority=\"high\" decoding=\"async\" width=\"602\" height=\"206\" src=\"https:\/\/abonnementiptvpremium.com\/wp-content\/uploads\/2024\/02\/WhatsApp_Image_2025-03-05_at_8.02.02_PM-removebg-preview.png\" class=\"attachment-full size-full wp-image-405\" alt=\"\" srcset=\"https:\/\/abonnementiptvpremium.com\/wp-content\/uploads\/2024\/02\/WhatsApp_Image_2025-03-05_at_8.02.02_PM-removebg-preview.png 602w, https:\/\/abonnementiptvpremium.com\/wp-content\/uploads\/2024\/02\/WhatsApp_Image_2025-03-05_at_8.02.02_PM-removebg-preview-300x103.png 300w\" sizes=\"(max-width: 602px) 100vw, 602px\" \/>\t\t\t\t<\/a>\n\t\t\t\t\t\t\t\t\t\t\t<\/div>\n\t\t\t\t<\/div>\n\t\t\t\t<\/div>\n\t\t\t\t<\/div>\n\t\t<div class=\"elementor-element elementor-element-928dc48 e-con-full e-flex e-con e-child\" data-id=\"928dc48\" data-element_type=\"container\">\n\t\t\t\t<\/div>\n\t\t\t\t\t<\/div>\n\t\t\t\t<\/div>\n\t\t\t\t\t<\/div>\n\t\t\t\t<\/div>\n\t\t\t\t<\/div>\n\t\t","protected":false},"excerpt":{"rendered":"<p>Politique de Remboursement Merci d\u2019avoir choisi Abonnementiptvpremium comme fournisseur de votre service de divertissement.Votre satisfaction est notre priorit\u00e9. Toutefois, nous comprenons que certaines situations peuvent justifier une demande de remboursement. Veuillez consulter ci-dessous notre politique \u00e0 ce sujet. \u00c9ligibilit\u00e9 au Remboursement a) Une p\u00e9riode d\u2019essai de 24 heures est offerte. Durant cette p\u00e9riode, vous pouvez [&hellip;]<\/p>\n","protected":false},"author":1,"featured_media":0,"parent":0,"menu_order":0,"comment_status":"closed","ping_status":"closed","template":"elementor_canvas","meta":{"footnotes":""},"class_list":["post-231","page","type-page","status-publish","hentry"],"jetpack_sharing_enabled":true,"_links":{"self":[{"href":"https:\/\/abonnementiptvpremium.com\/index.php\/wp-json\/wp\/v2\/pages\/231","targetHints":{"allow":["GET"]}}],"collection":[{"href":"https:\/\/abonnementiptvpremium.com\/index.php\/wp-json\/wp\/v2\/pages"}],"about":[{"href":"https:\/\/abonnementiptvpremium.com\/index.php\/wp-json\/wp\/v2\/types\/page"}],"author":[{"embeddable":true,"href":"https:\/\/abonnementiptvpremium.com\/index.php\/wp-json\/wp\/v2\/users\/1"}],"replies":[{"embeddable":true,"href":"https:\/\/abonnementiptvpremium.com\/index.php\/wp-json\/wp\/v2\/comments?post=231"}],"version-history":[{"count":8,"href":"https:\/\/abonnementiptvpremium.com\/index.php\/wp-json\/wp\/v2\/pages\/231\/revisions"}],"predecessor-version":[{"id":655,"href":"https:\/\/abonnementiptvpremium.com\/index.php\/wp-json\/wp\/v2\/pages\/231\/revisions\/655"}],"wp:attachment":[{"href":"https:\/\/abonnementiptvpremium.com\/index.php\/wp-json\/wp\/v2\/media?parent=231"}],"curies":[{"name":"wp","href":"https:\/\/api.w.org\/{rel}","templated":true}]}}